{"id":75122,"date":"2018-01-03T15:30:58","date_gmt":"2018-01-03T17:30:58","guid":{"rendered":"http:\/\/bscengenharia.com.br\/site\/?page_id=75122"},"modified":"2023-05-24T15:32:33","modified_gmt":"2023-05-24T18:32:33","slug":"conheca-a-bsc","status":"publish","type":"page","link":"http:\/\/bscengenharia.com.br\/site\/","title":{"rendered":"Conhe\u00e7a a BSC"},"content":{"rendered":"<p>[vc_row css=&#8221;.vc_custom_1433564506232{margin-top: 20px !important;margin-bottom: 70px !important;}&#8221;][vc_column width=&#8221;1\/4&#8243;][vc_column_text][vc_widget_sidebar sidebar_id=&#8221;sidebar&#8221;][\/vc_column_text][\/vc_column][vc_column width=&#8221;3\/4&#8243;][vc_custom_heading text=&#8221;&#8221; font_container=&#8221;tag:h2|text_align:left|color:%2300153b&#8221;][vc_column_text]<\/p>\n<blockquote>\n<p><strong style=\"font-size: inherit;\">A BSC tem como filosofia primar pela boa t\u00e9cnica de engenharia, buscando atender as necessidades de seus clientes e manter proximidade com seus fornecedores, al\u00e9m de contribuir com o desenvolvimento t\u00e9cnico e humano de seus relacionados, na busca de uma sociedade mais equilibrada.<\/strong><\/p>\n<\/blockquote>\n<p>A BSC \u00e9 uma empresa de engenharia consultiva que atua na elabora\u00e7\u00e3o de projetos para empreendimentos industriais, residenciais, comerciais e de telecomunica\u00e7\u00f5es.<\/p>\n<p>Com tend\u00eancia clara de expans\u00e3o, a regi\u00e3o Centro Oeste foi escolhida como sede da empresa, que visa atender em todo o pa\u00eds o crescente mercado de engenharia de alto padr\u00e3o de qualidade.<\/p>\n<p>A experi\u00eancia da empresa, fundada em maio de 1999, est\u00e1 calcada nos profissionais que comp\u00f5em seu quadro t\u00e9cnico. Profissionais com experi\u00eancia no setor, no Brasil e exterior, oriundos de empresas de renome internacional, empenham seus conhecimentos para atender aos requisitos, dentro de elevados padr\u00f5es de qualidade t\u00e9cnica e conduta \u00e9tica, no desenvolvimento de suas atividades.<\/p>\n<p>As experi\u00eancias incorporadas em suas v\u00e1rias atividades e a multidisciplinaridade possibilitaram o avan\u00e7o r\u00e1pido para o uso da tecnologia BIM que hoje faz parte do cotidiano da empresa.<\/p>\n<p>A confiabilidade nos servi\u00e7os da BSC vem sendo consagrada na forma continuada de seus contratos estabelecidos com seus clientes.<\/p>\n<p>[\/vc_column_text][vc_row_inner el_id=&#8221;area_atuacao&#8221;][vc_column_inner][vc_empty_space height=&#8221;70px&#8221;][\/vc_column_inner][\/vc_row_inner][vc_row_inner][vc_column_inner][vc_custom_heading text=&#8221;\u00c1rea de atua\u00e7\u00e3o&#8221; font_container=&#8221;tag:h4|text_align:left|color:%2300153b&#8221; css=&#8221;.vc_custom_1515589044788{padding-bottom: 30px !important;}&#8221; el_class=&#8221;titulo_preto&#8221;][vc_column_text]<\/p>\n<blockquote>\n<p><strong>A BSC atende clientes em variados setores de neg\u00f3cios. As atividades desenvolvidas englobam elabora\u00e7\u00e3o de projetos de engenharia para plantas industriais, comerciais e residenciais e ainda projetos de infraestrutura para telecomunica\u00e7\u00f5es e setor p\u00fablico.<\/strong><\/p>\n<\/blockquote>\n<ul>\n<li>Assessoria para projetos legais<\/li>\n<li>Elabora\u00e7\u00e3o e coleta de propostas para execu\u00e7\u00e3o dos servi\u00e7os<\/li>\n<li>Equaliza\u00e7\u00e3o das propostas t\u00e9cnicas<\/li>\n<li>Elabora\u00e7\u00e3o dos contratos<\/li>\n<li>Elabora\u00e7\u00e3o dos projetos de Infraestrutura Urbana<\/li>\n<li>Funda\u00e7\u00f5es<\/li>\n<li>Estruturas de Concreto Armado ou Protendido<\/li>\n<li>Estrutura de A\u00e7o<\/li>\n<li>Obras de Arte<\/li>\n<li>Instala\u00e7\u00f5es Hidr\u00e1ulicas<\/li>\n<li>Instala\u00e7\u00f5es de Combate a Inc\u00eandios<\/li>\n<li>Instala\u00e7\u00f5es El\u00e9tricas<\/li>\n<li>Telefonia<\/li>\n<li>L\u00f3gica e Sonoriza\u00e7\u00e3o<\/li>\n<li>Automa\u00e7\u00e3o Predial e Industrial.[\/vc_column_text][\/vc_column_inner][\/vc_row_inner][\/vc_column][\/vc_row]<\/li>\n<\/ul>\n\n","protected":false},"excerpt":{"rendered":"<p>[vc_row css=&#8221;.vc_custom_1433564506232{margin-top: 20px !important;margin-bottom: 70px !important;}&#8221;][vc_column width=&#8221;1\/4&#8243;][vc_column_text][vc_widget_sidebar sidebar_id=&#8221;sidebar&#8221;][\/vc_column_text][\/vc_column][vc_column width=&#8221;3\/4&#8243;][vc_custom_heading text=&#8221;&#8221; font_container=&#8221;tag:h2|text_align:left|color:%2300153b&#8221;][vc_column_text] A BSC tem como filosofia primar pela boa t\u00e9cnica de engenharia, buscando atender as necessidades de seus clientes e manter proximidade com seus fornecedores, al\u00e9m de contribuir com o desenvolvimento t\u00e9cnico e humano de seus relacionados, na busca de uma sociedade mais equilibrada. A [&hellip;]<\/p>\n","protected":false},"author":1,"featured_media":0,"parent":0,"menu_order":0,"comment_status":"closed","ping_status":"closed","template":"","meta":[],"_links":{"self":[{"href":"http:\/\/bscengenharia.com.br\/site\/wp-json\/wp\/v2\/pages\/75122"}],"collection":[{"href":"http:\/\/bscengenharia.com.br\/site\/wp-json\/wp\/v2\/pages"}],"about":[{"href":"http:\/\/bscengenharia.com.br\/site\/wp-json\/wp\/v2\/types\/page"}],"author":[{"embeddable":true,"href":"http:\/\/bscengenharia.com.br\/site\/wp-json\/wp\/v2\/users\/1"}],"replies":[{"embeddable":true,"href":"http:\/\/bscengenharia.com.br\/site\/wp-json\/wp\/v2\/comments?post=75122"}],"version-history":[{"count":63,"href":"http:\/\/bscengenharia.com.br\/site\/wp-json\/wp\/v2\/pages\/75122\/revisions"}],"predecessor-version":[{"id":75622,"href":"http:\/\/bscengenharia.com.br\/site\/wp-json\/wp\/v2\/pages\/75122\/revisions\/75622"}],"wp:attachment":[{"href":"http:\/\/bscengenharia.com.br\/site\/wp-json\/wp\/v2\/media?parent=75122"}],"curies":[{"name":"wp","href":"https:\/\/api.w.org\/{rel}","templated":true}]}}