{"id":75161,"date":"2018-01-04T09:43:49","date_gmt":"2018-01-04T11:43:49","guid":{"rendered":"http:\/\/bscengenharia.com.br\/site\/?page_id=75161"},"modified":"2018-03-07T17:08:59","modified_gmt":"2018-03-07T20:08:59","slug":"sistema-bim","status":"publish","type":"page","link":"http:\/\/bscengenharia.com.br\/site\/sistema-bim\/","title":{"rendered":"Sistema BIM"},"content":{"rendered":"<p>[vc_row css=&#8221;.vc_custom_1433564506232{margin-top: 20px !important;margin-bottom: 70px !important;}&#8221;][vc_column width=&#8221;1\/4&#8243;][vc_column_text][vc_widget_sidebar sidebar_id=&#8221;sidebar&#8221;][\/vc_column_text][\/vc_column][vc_column width=&#8221;3\/4&#8243;][vc_custom_heading text=&#8221;Sistema BIM&#8221; font_container=&#8221;tag:h2|text_align:left|color:%2300153b&#8221;][vc_column_text]<img decoding=\"async\" loading=\"lazy\" class=\"size-medium wp-image-75400 alignright\" src=\"http:\/\/bscengenharia.com.br\/site\/wp-content\/uploads\/2018\/01\/sistema_bim_casa1-300x210.png\" alt=\"\" width=\"300\" height=\"210\" srcset=\"http:\/\/bscengenharia.com.br\/site\/wp-content\/uploads\/2018\/01\/sistema_bim_casa1-300x210.png 300w, http:\/\/bscengenharia.com.br\/site\/wp-content\/uploads\/2018\/01\/sistema_bim_casa1.png 376w\" sizes=\"(max-width: 300px) 100vw, 300px\" \/>O conceito de tecnologia BIM (Building Information Modeling ou Modelagem de Informa\u00e7\u00e3o da Constru\u00e7\u00e3o) \u00e9 uma das novidades mais promissoras dentro do mercado de <strong>Arquitetura<\/strong>, <strong>Engenharia<\/strong> e <strong>Constru\u00e7\u00e3o<\/strong>. Este conceito envolve o gerenciamento de informa\u00e7\u00f5es dentro de um edif\u00edcio, desde a fase inicial de projeto, criando um modelo digital que abrange todo o ciclo de vida da edifica\u00e7\u00e3o.<\/p>\n<p>Dif\u00edcil?! N\u00e3o\u2026O BIM pressup\u00f5e que o projetista modela o edif\u00edcio virtual, desde a fase de concep\u00e7\u00e3o arquitet\u00f4nica, passando pelos detalhes construtivos e finalizando com a quantifica\u00e7\u00e3o rigorosa dos materiais e acabamentos. Isso tudo utilizando ferramentas de projeto que permitem gerenciar diversas equipes interdisciplinares, minimizando erros comuns ao processo de projeto em 2D.<\/p>\n<p>Ou seja, hoje \u00e9 poss\u00edvel com tecnologia BIM criar uma edifica\u00e7\u00e3o a partir da <strong>maquete eletr\u00f4nica<\/strong>, gerando plantas, cortes e vistas, al\u00e9m de simular os detalhes estruturais, interfer\u00eancias externas e internas, c\u00e1lculos de efici\u00eancia energ\u00e9tica, entre outros detalhes, de forma que cada um dos componentes criados no projeto seja automaticamente associado aos outros, gerando uma informa\u00e7\u00e3o completa ao final do processo.<\/p>\n<p>O uso do BIM pode, por exemplo, gerar uma quantifica\u00e7\u00e3o autom\u00e1tica e precisa nos or\u00e7amentos, minimizando a sobrecarga da atividade de or\u00e7amenta\u00e7\u00e3o e reduzindo erros. Com ferramentas BIM ao modificar o projeto em 3D, todos os desenhos e documentos s\u00e3o atualizados e da mesma forma, os quantitativos s\u00e3o recalculados.<\/p>\n<p>O sistema BIM vem sendo cada vez mais utilizado por escrit\u00f3rios de <strong>Arquitetura<\/strong> e <strong>Engenharia<\/strong> tanto no Brasil quanto no exterior, sendo que l\u00e1 fora, alguns governos como da Noruega, Alemanha, Singapura e Hong-Kong j\u00e1 utilizam esta tecnologia em projetos-piloto, para o total gerenciamento de suas edifica\u00e7\u00f5es.<\/p>\n<p>O BIM ainda n\u00e3o faz parte totalmente do processo de projeto, no entanto, est\u00e1 claro que a tend\u00eancia de ado\u00e7\u00e3o desta tecnologia \u00e9 irrevers\u00edvel. Por suas vantagens em rela\u00e7\u00e3o ao processo de projeto 2D, cada vez mais essa tecnologia tem atra\u00eddo os profissionais da \u00e1rea. Os fabricantes de softwares CAD tem aprimorado as possibilidades dos programas e tamb\u00e9m a integra\u00e7\u00e3o e interoperabilidade entre os diversos softwares dispon\u00edveis no mercado.[\/vc_column_text][vc_row_inner][vc_column_inner][vc_video link=&#8221;https:\/\/www.youtube.com\/watch?v=yz7WqaTMIl8&#8243; css=&#8221;.vc_custom_1520453293154{margin-top: 40px !important;padding-bottom: 40px !important;}&#8221;][vc_column_text]Um deles \u00e9 o <strong>Revit Architecture<\/strong>, da Autodesk. O <strong>Revit<\/strong> \u00e9 um programa de projeto arquitet\u00f4nico criado baseado no uso da tecnologia BIM. Qualquer altera\u00e7\u00e3o nos componentes de projeto gera automaticamente a altera\u00e7\u00e3o dos documentos 2D (plantas, cortes, eleva\u00e7\u00f5es), criando desenhos consistentes e completos. Al\u00e9m disso, o Revit pode ajudar no fluxo de trabalho entre equipes, gerenciando melhor o tempo nos processos projetuais.[\/vc_column_text][\/vc_column_inner][\/vc_row_inner][\/vc_column][\/vc_row]<\/p>\n","protected":false},"excerpt":{"rendered":"<p>[vc_row css=&#8221;.vc_custom_1433564506232{margin-top: 20px !important;margin-bottom: 70px !important;}&#8221;][vc_column width=&#8221;1\/4&#8243;][vc_column_text][vc_widget_sidebar sidebar_id=&#8221;sidebar&#8221;][\/vc_column_text][\/vc_column][vc_column width=&#8221;3\/4&#8243;][vc_custom_heading text=&#8221;Sistema BIM&#8221; font_container=&#8221;tag:h2|text_align:left|color:%2300153b&#8221;][vc_column_text]O conceito de tecnologia BIM (Building Information Modeling ou Modelagem de Informa\u00e7\u00e3o da Constru\u00e7\u00e3o) \u00e9 uma das novidades mais promissoras dentro do mercado de Arquitetura, Engenharia e Constru\u00e7\u00e3o. Este conceito envolve o gerenciamento de informa\u00e7\u00f5es dentro de um edif\u00edcio, desde a fase inicial de [&hellip;]<\/p>\n","protected":false},"author":1,"featured_media":0,"parent":0,"menu_order":0,"comment_status":"closed","ping_status":"closed","template":"","meta":[],"_links":{"self":[{"href":"http:\/\/bscengenharia.com.br\/site\/wp-json\/wp\/v2\/pages\/75161"}],"collection":[{"href":"http:\/\/bscengenharia.com.br\/site\/wp-json\/wp\/v2\/pages"}],"about":[{"href":"http:\/\/bscengenharia.com.br\/site\/wp-json\/wp\/v2\/types\/page"}],"author":[{"embeddable":true,"href":"http:\/\/bscengenharia.com.br\/site\/wp-json\/wp\/v2\/users\/1"}],"replies":[{"embeddable":true,"href":"http:\/\/bscengenharia.com.br\/site\/wp-json\/wp\/v2\/comments?post=75161"}],"version-history":[{"count":27,"href":"http:\/\/bscengenharia.com.br\/site\/wp-json\/wp\/v2\/pages\/75161\/revisions"}],"predecessor-version":[{"id":75563,"href":"http:\/\/bscengenharia.com.br\/site\/wp-json\/wp\/v2\/pages\/75161\/revisions\/75563"}],"wp:attachment":[{"href":"http:\/\/bscengenharia.com.br\/site\/wp-json\/wp\/v2\/media?parent=75161"}],"curies":[{"name":"wp","href":"https:\/\/api.w.org\/{rel}","templated":true}]}}